{"id":12,"date":"2025-12-07T07:57:41","date_gmt":"2025-12-07T07:57:41","guid":{"rendered":"https:\/\/leads.top-amenities.com\/?page_id=12"},"modified":"2025-12-07T07:58:11","modified_gmt":"2025-12-07T07:58:11","slug":"agb","status":"publish","type":"page","link":"https:\/\/leads.top-amenities.com\/index.php\/agb\/","title":{"rendered":"AGB"},"content":{"rendered":"<p>[et_pb_section fb_built=&#8220;1&#8243; _builder_version=&#8220;4.9.7&#8243; _module_preset=&#8220;default&#8220;][et_pb_row _builder_version=&#8220;4.9.7&#8243; _module_preset=&#8220;default&#8220;][et_pb_column _builder_version=&#8220;4.9.7&#8243; _module_preset=&#8220;default&#8220; type=&#8220;4_4&#8243;][et_pb_text _builder_version=&#8220;4.9.7&#8243; _module_preset=&#8220;default&#8220; hover_enabled=&#8220;0&#8243; sticky_enabled=&#8220;0&#8243;]<\/p>\n<p><strong><span>Allgemeine Gesch\u00e4ftsbedingungen und Kundeninformationen<\/span><\/strong><\/p>\n<p><span><strong>I. Allgemeine Gesch\u00e4ftsbedingungen<\/strong><\/span><\/p>\n<p><strong>\u00a7 1 Grundlegende Bestimmungen<\/strong><\/p>\n<p><span><strong>(1)<\/strong>\u00a0\u00a0Die nachstehenden Gesch\u00e4ftsbedingungen gelten f\u00fcr Vertr\u00e4ge, die Sie mit uns als Anbieter (JRG Trading GmbH)\u00a0\u00fcber die Internetseite\u00a0<\/span><span>top-amenities.com\u00a0<\/span><span>schlie\u00dfen, soweit nicht schriftlich zwischen den Parteien eine Ab\u00e4nderung vereinbart wird. Abweichende oder entgegenstehende Gesch\u00e4ftsbedingungen sind nur mit unserer ausdr\u00fccklichen Zustimmung wirksam.<\/span><\/p>\n<p><span><strong>(2)<\/strong>\u00a0Wir bieten unsere Produkte nur zum Kauf an, soweit Sie eine nat\u00fcrliche oder juristische Person oder eine rechtsf\u00e4hige Personengesellschaft sind, die bei Abschluss des Rechtsgesch\u00e4fts in Aus\u00fcbung ihrer gewerblichen oder selbst\u00e4ndigen beruflichen T\u00e4tigkeit handelt (Unternehmer). Ein Vertragsabschluss mit Verbrauchern ist ausgeschlossen.<\/span><\/p>\n<p><strong>\u00a7 2 Zustandekommen des Vertrages<\/strong><\/p>\n<p><span><strong>(1)\u00a0<\/strong>Gegenstand des Vertrages ist der Verkauf von Waren<\/span><span><\/span><span><\/span><span>.\u00a0<\/span><span>Die wesentlichen Merkmale der Ware<\/span><span><\/span><span>\u00a0finden sich im jeweiligen Angebot.<\/span><\/p>\n<p><span><strong>(2)<\/strong>\u00a0Bereits mit dem Einstellen des jeweiligen Produkts<\/span><span><\/span><span>\u00a0<\/span><span>auf unserer Internetseite unterbreiten wir Ihnen ein verbindliches Angebot zum Abschluss eines Vertrages \u00fcber das Online-Warenkorbsystem zu den im jeweiligen Angebot angegebenen Bedingungen.\u00a0<\/span><\/p>\n<p><strong>(3)<\/strong><span>\u00a0Der Vertrag kommt \u00fcber das Online-Warenkorbsystem wie folgt zustande:<\/span><br \/><span>Die zum Kauf beabsichtigten Waren<\/span><span>\u00a0<\/span><span>werden im &#8222;Warenkorb&#8220; abgelegt. \u00dcber die entsprechende Schaltfl\u00e4che in der Navigationsleiste k\u00f6nnen Sie den &#8222;Warenkorb&#8220; aufrufen und dort jederzeit \u00c4nderungen vornehmen.<\/span><br \/><span>Nach Anklicken der Schaltfl\u00e4che &#8222;Kasse&#8220; oder &#8222;Weiter zur Bestellung&#8220; (oder \u00e4hnliche Bezeichnung)\u00a0<\/span><span>und der Eingabe der pers\u00f6nlichen Daten sowie der Zahlungs- und Versandbedingungen werden Ihnen abschlie\u00dfend die Bestelldaten als Bestell\u00fcbersicht angezeigt.\u00a0<\/span><\/p>\n<p><span>Soweit Sie als Zahlungsart ein Sofortzahl-System\u00a0<\/span><span>(z.B.\u00a0PayPal (Express\/Plus\/Checkout), Amazon Pay, Sofort)\u00a0<\/span><span>nutzen, werden Sie entweder auf die Bestell\u00fcbersichtsseite\u00a0<\/span><span>in unserem Online-Shop\u00a0<\/span><span>gef\u00fchrt oder auf die Internetseite des Anbieters des Sofortzahl-Systems weitergeleitet.<\/span><br \/><span>Erfolgt eine Weiterleitung zu dem jeweiligen Sofortzahl-System, nehmen Sie dort die entsprechende Auswahl bzw. Eingabe Ihrer Daten vor. Abschlie\u00dfend werden Ihnen auf der Internetseite des Anbieters des Sofortzahl-Systems oder nachdem Sie zur\u00fcck in unseren Online-Shop geleitet wurden, die Bestelldaten als Bestell\u00fcbersicht angezeigt.\u00a0<\/span><\/p>\n<p><span>Vor Absenden der Bestellung haben Sie die M\u00f6glichkeit, die Angaben in der Bestell\u00fcbersicht nochmals zu \u00fcberpr\u00fcfen, zu \u00e4ndern (auch \u00fcber die Funktion &#8222;zur\u00fcck&#8220; des Internetbrowsers) bzw. die Bestellung abzubrechen.\u00a0<\/span><span>Mit dem Absenden der Bestellung \u00fcber die entsprechende Schaltfl\u00e4che erkl\u00e4ren Sie rechtsverbindlich die Annahme des Angebotes, wodurch der Vertrag zustande kommt.<\/span><\/p>\n<p><span><strong>(4)<\/strong>\u00a0Sie k\u00f6nnen ferner ein verbindliches Vertragsangebot (Bestellung) telefonisch, per E-Mail, per Fax oder per Post abgeben.\u00a0<\/span><span><\/span><\/p>\n<div><span>Die Annahme des Angebots (und damit der Vertragsabschluss) erfolgt bei Bestellung per Telefon sofort oder sp\u00e4testens innerhalb von 5 Tagen durch Best\u00e4tigung in Textform (z.B. E-Mail), in welcher Ihnen die Ausf\u00fchrung der Bestellung oder Auslieferung der Ware<\/span><span><\/span><span>\u00a0best\u00e4tigt wird (Auftragsbest\u00e4tigung). \u00a0 \u00a0 \u00a0 \u00a0 \u00a0 \u00a0 \u00a0 \u00a0 \u00a0 \u00a0 \u00a0\u00a0<\/span><\/div>\n<div><span>Sollten Sie innerhalb dieser Frist keine entsprechende Nachricht erhalten haben, sind Sie nicht mehr an Ihre Bestellung gebunden. Gegebenenfalls bereits erbrachte Leistungen werden in diesem Fall unverz\u00fcglich zur\u00fcckerstattet.\u00a0<\/span>\u00a0<\/div>\n<p><span><strong>(5)<\/strong>\u00a0Auf Anfrage erstellen wir Ihnen ein individuelles Angebot, welches Ihnen in Textform zugesandt wird und an das wir uns 5 Tage (soweit im jeweiligen Angebot keine andere Frist ausgewiesen ist) gebunden halten. Sie nehmen das Angebot mit Best\u00e4tigung in Textform an.<\/span><\/p>\n<p><span><strong>(6)<\/strong>\u00a0Die Abwicklung der Bestellung und \u00dcbermittlung aller im Zusammenhang mit dem Vertragsschluss erforderlichen Informationen erfolgt per E-Mail zum Teil automatisiert. Sie haben deshalb sicherzustellen, dass die von Ihnen bei uns hinterlegte E-Mail-Adresse zutreffend ist, der Empfang der E-Mails technisch sichergestellt und insbesondere nicht durch SPAM-Filter verhindert wird.<\/span><\/p>\n<p><span><strong>\u00a7 3\u00a0<\/strong><\/span><span><strong>Individuell gestaltete Waren<\/strong><\/p>\n<p><strong>(1)<\/strong>\u00a0Sie stellen uns die f\u00fcr die individuelle Gestaltung der Waren erforderlichen geeigneten Informationen, Texte oder Dateien \u00fcber das Online-Bestellsystem oder sp\u00e4testens unverz\u00fcglich nach Vertragsschluss per E-Mail zur Verf\u00fcgung. Unsere etwaigen Vorgaben zu Dateiformaten sind zu beachten.<\/p>\n<p><strong>(2)<\/strong>\u00a0Sie verpflichten sich, keine Daten zu \u00fcbermitteln, deren Inhalt Rechte Dritter (insbesondere Urheberrechte, Namensrechte, Markenrechte) verletzen oder gegen bestehende Gesetze versto\u00dfen. Sie stellen uns ausdr\u00fccklich von s\u00e4mtlichen in diesem Zusammenhang geltend gemachten Anspr\u00fcchen Dritter frei. Das betrifft auch die Kosten der in diesem Zusammenhang erforderlichen rechtlichen Vertretung.<\/p>\n<p><strong>(3)<\/strong>\u00a0Wir nehmen keine Pr\u00fcfung der \u00fcbermittelten Daten auf inhaltliche Richtigkeit vor und \u00fcbernehmen insoweit keine Haftung f\u00fcr Fehler.<\/p>\n<p><strong>(4)<\/strong>\u00a0Soweit im jeweiligen Angebot angegeben, erhalten Sie von uns eine Korrekturvorlage \u00fcbersandt, die von Ihnen unverz\u00fcglich zu pr\u00fcfen ist. Sind Sie mit dem Entwurf einverstanden, geben Sie die Korrekturvorlage durch Gegenzeichnung in Textform (z.B. E-Mail) zur Ausf\u00fchrung frei.<br \/>Eine Ausf\u00fchrung der Gestaltungsarbeiten ohne Ihre Freigabe erfolgt nicht.<br \/>Sie sind daf\u00fcr verantwortlich, die Korrekturvorlage auf Richtigkeit und Vollst\u00e4ndigkeit zu \u00fcberpr\u00fcfen und uns etwaige Fehler mitzuteilen. Wir \u00fcbernehmen keine Haftung f\u00fcr nichtbeanstandete Fehler.<\/span><\/p>\n<p><span><strong>\u00a7 4 Preise, Zahlungsbedingungen und Versandkosten<\/strong><\/span><\/p>\n<p><span><strong>(1)<\/strong>\u00a0Die in den jeweiligen Angeboten angef\u00fchrten Preise sowie die Versandkosten stellen Nettopreise dar. Sie beinhalten nicht die gesetzliche Mehrwertsteuer.<\/span><\/p>\n<p><span><strong>(2)<\/strong>\u00a0Die anfallenden Versandkosten sind nicht im Kaufpreis enthalten, sie werden gesondert berechnet, soweit nicht die versandkostenfreie Lieferung zugesagt ist. N\u00e4here Einzelheiten finden sich unter einer entsprechend bezeichneten Schaltfl\u00e4che auf unserer Internetpr\u00e4senz oder im jeweiligen Angebot.<\/span><\/p>\n<p><span><strong>(3)<\/strong>\u00a0Entstandene Kosten der Geld\u00fcbermittlung\u00a0(\u00dcberweisungs- oder Wechselkursgeb\u00fchren der Kreditinstitute)\u00a0sind von Ihnen\u00a0in den F\u00e4llen zu tragen, in denen die Lieferung in einen EU-Mitgliedsstaat erfolgt, die Zahlung aber au\u00dferhalb der Europ\u00e4ischen Union veranlasst wurde.<\/span><\/p>\n<p><span><strong>(4)<\/strong>\u00a0Sie haben die unter einer entsprechend bezeichneten Schaltfl\u00e4che auf unserer Internetpr\u00e4senz oder im jeweiligen Angebot ausgewiesenen Zahlungsm\u00f6glichkeiten. Soweit bei den einzelnen Zahlungsarten oder auf der Rechnung keine andere Zahlungsfrist angegeben ist, sind die Zahlungsanspr\u00fcche aus dem geschlossenen Vertrag sofort zur Zahlung f\u00e4llig. Der Abzug von Skonti ist nur zul\u00e4ssig, sofern im jeweiligen Angebot oder in der Rechnung ausdr\u00fccklich ausgewiesen.<\/span><\/p>\n<p><span><strong>\u00a7 5 Lieferbedingungen<\/strong><\/span><\/p>\n<p><span><strong>(1)<\/strong>\u00a0Die voraussichtliche Lieferfrist ist im jeweiligen Angebot angegeben. Liefertermine und Lieferfristen sind nur verbindlich, wenn sie von uns schriftlich best\u00e4tigt wurden. Bei der Zahlart Vorkasse per \u00dcberweisung erfolgt die Versendung der Ware<\/span><span>\u00a0<\/span><span>erst nach Eingang des vollst\u00e4ndigen Kaufpreises<\/span><span><\/span><span>\u00a0und der Versandkosten bei uns.<\/span><\/p>\n<p><span><strong>(2)<\/strong>\u00a0Sollte ein von Ihnen bestelltes Produkt wider Erwarten trotz rechtzeitigem Abschluss eines ad\u00e4quaten Deckungsgesch\u00e4ftes aus einem von uns nicht zu vertretenden Grund nicht verf\u00fcgbar sein, werden Sie unverz\u00fcglich \u00fcber die Nichtverf\u00fcgbarkeit informiert und im Falle des R\u00fccktritts etwa bereits geleistete Zahlungen unverz\u00fcglich erstattet.<\/p>\n<p><strong>(3)<\/strong>\u00a0Die Versendung erfolgt auf Ihre Gefahr. Sofern Sie es w\u00fcnschen, erfolgt der Versand mit einer entsprechenden Transportversicherung, wobei die hierdurch entstehenden Kosten von Ihnen zu \u00fcbernehmen sind.<\/p>\n<p><strong>(4)<\/strong>\u00a0Teillieferungen sind zul\u00e4ssig und k\u00f6nnen von uns selbstst\u00e4ndig in Rechnung gestellt werden, sofern Sie hierdurch nicht mit Mehrkosten f\u00fcr den Versand belastet werden.<\/span><\/p>\n<p><span><strong>\u00a7 6 Gew\u00e4hrleistung<\/strong><\/span><\/p>\n<p><strong><span>(1)<\/span><\/strong><span>\u00a0Die Gew\u00e4hrleistungsfrist betr\u00e4gt ein Jahr ab Ablieferung der Ware. Die Fristverk\u00fcrzung gilt nicht:<\/span><\/p>\n<p><span>&#8211;\u00a0<\/span><span>f\u00fcr uns zurechenbare schuldhaft verursachte Sch\u00e4den aus der Verletzung des Lebens, des K\u00f6rpers oder der Gesundheit und bei vors\u00e4tzlich oder grob fahrl\u00e4ssig verursachten sonstigen Sch\u00e4den;<\/span><br \/><span>&#8211; soweit wir den Mangel arglistig verschwiegen oder eine Garantie f\u00fcr die Beschaffenheit der Sache \u00fcbernommen haben;<\/span><br \/><span>&#8211; bei Sachen, die entsprechend ihrer \u00fcblichen Verwendungsweise f\u00fcr ein Bauwerk verwendet worden sind und dessen Mangelhaftigkeit verursacht haben;<\/span><br \/><span>&#8211; bei gesetzlichen R\u00fcckgriffsanspr\u00fcchen, die Sie im Zusammenhang mit M\u00e4ngelrechten gegen uns haben.<\/span><\/p>\n<p><strong><span>(2)\u00a0<\/span><\/strong><span>Als Beschaffenheit der Sache gelten nur unsere eigenen Angaben und die Produktbeschreibung des Herstellers als vereinbart, nicht jedoch sonstige Werbung, \u00f6ffentliche Anpreisungen und \u00c4u\u00dferungen des Herstellers.<br \/>\u00a0<\/span><br \/><strong><span>(3)\u00a0<\/span><\/strong><span>Bei M\u00e4ngeln leisten wir nach unserer Wahl Gew\u00e4hr durch Nachbesserung oder Nachlieferung. Schl\u00e4gt die Mangelbeseitigung fehl, k\u00f6nnen Sie nach Ihrer Wahl Minderung verlangen oder vom Vertrag zur\u00fccktreten. Die M\u00e4ngelbeseitigung gilt nach erfolglosem zweiten Versuch als fehlgeschlagen, wenn sich nicht insbesondere aus der Art der Sache oder des Mangels oder den sonstigen Umst\u00e4nden etwas anderes ergibt. Im Falle der Nachbesserung m\u00fcssen wir nicht die erh\u00f6hten Kosten tragen, die durch die Verbringung der Ware an einen anderen Ort als den Erf\u00fcllungsort entstehen, sofern die Verbringung nicht dem bestimmungsgem\u00e4\u00dfen Gebrauch der Ware entspricht.<\/span><\/p>\n<p><strong><span>\u00a7 7 Zur\u00fcckbehaltungsrecht, Eigentumsvorbehalt<\/span><\/strong><\/p>\n<p><span><strong>(1)<\/strong>\u00a0Ein Zur\u00fcckbehaltungsrecht k\u00f6nnen Sie nur aus\u00fcben, soweit es sich um Forderungen aus demselben Vertragsverh\u00e4ltnis handelt.<\/p>\n<p><strong>(2)<\/strong>\u00a0Wir behalten uns das Eigentum an der Ware bis zum vollst\u00e4ndigen Ausgleich aller Forderungen aus der laufenden Gesch\u00e4ftsbeziehung vor. Vor \u00dcbergang des Eigentums an der Vorbehaltsware ist eine Verpf\u00e4ndung oder Sicherheits\u00fcbereignung nicht zul\u00e4ssig.<\/p>\n<p><strong>(3)<\/strong>\u00a0Sie k\u00f6nnen die Ware im ordentlichen Gesch\u00e4ftsgang weiterverkaufen. F\u00fcr diesen Fall treten Sie bereits jetzt alle Forderungen in H\u00f6he des Rechnungsbetrages, die Ihnen aus dem Weiterverkauf erwachsen, an uns ab, wir nehmen die Abtretung an. Sie sind weiter zur Einziehung der Forderung erm\u00e4chtigt. Soweit Sie Ihren Zahlungsverpflichtungen nicht ordnungsgem\u00e4\u00df nachkommen, behalten wir uns allerdings vor, die Forderung selbst einzuziehen.<\/p>\n<p><strong>(4)<\/strong>\u00a0Bei Verbindung und Vermischung der Vorbehaltsware erwerben wir Miteigentum an der neuen Sache im Verh\u00e4ltnis des Rechnungswertes der Vorbehaltsware zu den anderen verarbeiteten Gegenst\u00e4nden zum Zeitpunkt der Verarbeitung.<\/p>\n<p><strong>(5)<\/strong>\u00a0Wir verpflichten uns, die Ihnen zustehenden Sicherheiten auf Ihr Verlangen insoweit freizugeben, als der realisierbare Wert unserer Sicherheiten die zu sichernde Forderung um mehr als 10% \u00fcbersteigt. Die Auswahl der freizugebenden Sicherheiten obliegt uns.<\/span><\/p>\n<p><span><strong>\u00a7 8 Rechtswahl, Erf\u00fcllungsort, Gerichtsstand<\/strong><\/span><\/p>\n<p><span><strong>(1)<\/strong>\u00a0Es gilt deutsches Recht unter Ausschluss des UN-Kaufrechts.<br \/>\u00a0<\/span><br \/><strong><span>(2)<\/span><\/strong><span>\u00a0Erf\u00fcllungsort sowie Gerichtsstand ist unser Sitz, soweit Sie Kaufmann, juristische Person des \u00f6ffentlichen Rechts oder \u00f6ffentlich-rechtliches Sonderverm\u00f6gen sind.\u00a0Dasselbe gilt, wenn Sie keinen allgemeinen Gerichtsstand in Deutschland oder der EU haben.<\/span><\/p>\n<hr \/>\n<p><strong><span>II. Kundeninformationen<\/span><\/strong><\/p>\n<p><span><strong>1. Identit\u00e4t des Anbieters<\/strong><\/span><\/p>\n<p><span>JRG Trading GmbH<br \/>Zietenstra\u00dfe 9<br \/>12249 Berlin<br \/>Deutschland<br \/>Telefon:\u00a0030 2357 3470<br \/>E-Mail:\u00a0info@top-amenities.com<\/span><br \/><span><\/span><\/p>\n<p><strong><span>2. Informationen zum Zustandekommen des Vertrages<\/span><\/strong><\/p>\n<p><span>Die technischen Schritte zum Vertragsschluss und der Vertragsschluss selbst<\/span><span>, sowie die Korrekturm\u00f6glichkeiten<\/span><span>\u00a0erfolgen nach Ma\u00dfgabe des \u00a7 2 unserer Allgemeinen Gesch\u00e4ftsbedingungen (Teil I).<\/span><\/p>\n<p><span><strong>3. Vertragssprache, Vertragstextspeicherung<\/strong><\/span><\/p>\n<p><span>3.1. Vertragssprache ist deutsch.<\/span><\/p>\n<p><span>3.2. Der vollst\u00e4ndige Vertragstext wird von uns nicht gespeichert. Vor Absenden der Bestellung<\/span><span>\u00a0oder der Anfrage k\u00f6nnen die Vertragsdaten \u00fcber die Druckfunktion des Browsers ausgedruckt oder elektronisch gesichert werden.\u00a0<\/span><\/p>\n<p><span>Diese AGB und Kundeninformationen wurden von den auf IT-Recht spezialisierten Juristen des H\u00e4ndlerbundes erstellt und werden permanent auf Rechtskonformit\u00e4t gepr\u00fcft. Die H\u00e4ndlerbund Management AG garantiert f\u00fcr die Rechtssicherheit der Texte und haftet im Falle von Abmahnungen. N\u00e4here Informationen dazu finden Sie unter:\u00a0<a href=\"https:\/\/www.haendlerbund.de\/de\/leistungen\/rechtssicherheit\/agb-service\">https:\/\/www.haendlerbund.de\/de\/leistungen\/rechtssicherheit\/agb-service.<\/a><\/span><\/p>\n<p><span>letzte Aktualisierung:\u00a022.10.2024<\/span><\/p>\n<p>[\/et_pb_text][\/et_pb_column][\/et_pb_row][\/et_pb_section]<\/p>\n","protected":false},"excerpt":{"rendered":"<p>[et_pb_section fb_built=&#8220;1&#8243; _builder_version=&#8220;4.9.7&#8243; _module_preset=&#8220;default&#8220;][et_pb_row _builder_version=&#8220;4.9.7&#8243; _module_preset=&#8220;default&#8220;][et_pb_column _builder_version=&#8220;4.9.7&#8243; _module_preset=&#8220;default&#8220; type=&#8220;4_4&#8243;][et_pb_text _builder_version=&#8220;4.9.7&#8243; _module_preset=&#8220;default&#8220; hover_enabled=&#8220;0&#8243; sticky_enabled=&#8220;0&#8243;] Allgemeine Gesch\u00e4ftsbedingungen und Kundeninformationen I. Allgemeine Gesch\u00e4ftsbedingungen \u00a7 1 Grundlegende Bestimmungen (1)\u00a0\u00a0Die nachstehenden Gesch\u00e4ftsbedingungen gelten f\u00fcr Vertr\u00e4ge, die Sie mit uns als Anbieter (JRG Trading GmbH)\u00a0\u00fcber die Internetseite\u00a0top-amenities.com\u00a0schlie\u00dfen, soweit nicht schriftlich zwischen den Parteien eine Ab\u00e4nderung vereinbart wird. Abweichende oder entgegenstehende Gesch\u00e4ftsbedingungen [&hellip;]<\/p>\n","protected":false},"author":1,"featured_media":0,"parent":0,"menu_order":0,"comment_status":"closed","ping_status":"closed","template":"","meta":{"_et_pb_use_builder":"on","_et_pb_old_content":"","_et_gb_content_width":"","footnotes":""},"class_list":["post-12","page","type-page","status-publish","hentry"],"_links":{"self":[{"href":"https:\/\/leads.top-amenities.com\/index.php\/wp-json\/wp\/v2\/pages\/12","targetHints":{"allow":["GET"]}}],"collection":[{"href":"https:\/\/leads.top-amenities.com\/index.php\/wp-json\/wp\/v2\/pages"}],"about":[{"href":"https:\/\/leads.top-amenities.com\/index.php\/wp-json\/wp\/v2\/types\/page"}],"author":[{"embeddable":true,"href":"https:\/\/leads.top-amenities.com\/index.php\/wp-json\/wp\/v2\/users\/1"}],"replies":[{"embeddable":true,"href":"https:\/\/leads.top-amenities.com\/index.php\/wp-json\/wp\/v2\/comments?post=12"}],"version-history":[{"count":3,"href":"https:\/\/leads.top-amenities.com\/index.php\/wp-json\/wp\/v2\/pages\/12\/revisions"}],"predecessor-version":[{"id":15,"href":"https:\/\/leads.top-amenities.com\/index.php\/wp-json\/wp\/v2\/pages\/12\/revisions\/15"}],"wp:attachment":[{"href":"https:\/\/leads.top-amenities.com\/index.php\/wp-json\/wp\/v2\/media?parent=12"}],"curies":[{"name":"wp","href":"https:\/\/api.w.org\/{rel}","templated":true}]}}